{"id":704,"date":"2019-05-22T07:49:02","date_gmt":"2019-05-22T07:49:02","guid":{"rendered":"https:\/\/enconstruccion.ninexport.com\/?page_id=704"},"modified":"2020-02-13T10:39:48","modified_gmt":"2020-02-13T10:39:48","slug":"produits","status":"publish","type":"page","link":"https:\/\/ninexport.com\/?page_id=704&lang=fr","title":{"rendered":"Produits"},"content":{"rendered":"<div class=\"wpb-content-wrapper\"><p>[vc_row][vc_column]<div id=\"ultimate-heading-257069f5ea9edcb4e\" class=\"uvc-heading ult-adjust-bottom-margin ultimate-heading-257069f5ea9edcb4e uvc-1762  uvc-heading-default-font-sizes\" data-hspacer=\"line_only\"  data-halign=\"center\" style=\"text-align:center\"><div class=\"uvc-main-heading ult-responsive\"  data-ultimate-target='.uvc-heading.ultimate-heading-257069f5ea9edcb4e h2'  data-responsive-json-new='{\"font-size\":\"\",\"line-height\":\"\"}' ><h2 style=\"--font-weight:theme;\">Mat\u00e9riaux de Constrution<\/h2><\/div><div class=\"uvc-heading-spacer line_only\" style=\"topheight:1px;\"><span class=\"uvc-headings-line\" style=\"border-style:solid;border-bottom-width:1px;border-color:#ff6600;width:autopx;\"><\/span><\/div><\/div>[vc_single_image image=\u00bb607&#8243; img_size=\u00bbfull\u00bb alignment=\u00bbcenter\u00bb css=\u00bb.vc_custom_1558337132688{margin-top: 40px !important;}\u00bb][vc_column_text]<\/p>\n<p style=\"text-align: center;\">Rev\u00eatements C\u00e9ramiques et Carreaux<br \/>\nCiments<br \/>\nTuiles<br \/>\nPierre Natural<br \/>\nPortes et F\u00eanetres<br \/>\nPeintures<br \/>\nProduits d&#8217;Imperm\u00e9aibilisation<br \/>\nD&#8217;autres Produits Sp\u00e9ciaux<\/p>\n<p>[\/vc_column_text][\/vc_column][\/vc_row][vc_row css=\u00bb.vc_custom_1581590335207{margin-top: 50px !important;}\u00bb][vc_column]<div id=\"ultimate-heading-511369f5ea9edcbb6\" class=\"uvc-heading ult-adjust-bottom-margin ultimate-heading-511369f5ea9edcbb6 uvc-7848  uvc-heading-default-font-sizes\" data-hspacer=\"line_only\"  data-halign=\"center\" style=\"text-align:center\"><div class=\"uvc-main-heading ult-responsive\"  data-ultimate-target='.uvc-heading.ultimate-heading-511369f5ea9edcbb6 h2'  data-responsive-json-new='{\"font-size\":\"\",\"line-height\":\"\"}' ><h2 style=\"--font-weight:theme;\">Sanitaire et Robinetterie<\/h2><\/div><div class=\"uvc-heading-spacer line_only\" style=\"topheight:1px;\"><span class=\"uvc-headings-line\" style=\"border-style:solid;border-bottom-width:1px;border-color:#ff6600;width:autopx;\"><\/span><\/div><\/div>[vc_single_image image=\u00bb612&#8243; img_size=\u00bbfull\u00bb alignment=\u00bbcenter\u00bb css=\u00bb.vc_custom_1558337279715{margin-top: 40px !important;}\u00bb][vc_column_text]<\/p>\n<p style=\"text-align: center;\">Sanitaires<br \/>\nRobinetterie pour la Salle de Bain et la Cuisine<br \/>\nAccesoires de Bain<br \/>\nPare-Douches<br \/>\nReceveurs de Douche<br \/>\nBagnoires et Hydromassage<br \/>\nSpa<\/p>\n<p>[\/vc_column_text][\/vc_column][\/vc_row][vc_row css=\u00bb.vc_custom_1581590342985{margin-top: 50px !important;}\u00bb][vc_column]<div id=\"ultimate-heading-81269f5ea9edcbf7\" class=\"uvc-heading ult-adjust-bottom-margin ultimate-heading-81269f5ea9edcbf7 uvc-2086  uvc-heading-default-font-sizes\" data-hspacer=\"line_only\"  data-halign=\"center\" style=\"text-align:center\"><div class=\"uvc-main-heading ult-responsive\"  data-ultimate-target='.uvc-heading.ultimate-heading-81269f5ea9edcbf7 h2'  data-responsive-json-new='{\"font-size\":\"\",\"line-height\":\"\"}' ><h2 style=\"--font-weight:theme;\">Mobilier<\/h2><\/div><div class=\"uvc-heading-spacer line_only\" style=\"topheight:1px;\"><span class=\"uvc-headings-line\" style=\"border-style:solid;border-bottom-width:1px;border-color:#ff6600;width:autopx;\"><\/span><\/div><\/div>[vc_single_image image=\u00bb614&#8243; img_size=\u00bbfull\u00bb alignment=\u00bbcenter\u00bb css=\u00bb.vc_custom_1558337350231{margin-top: 40px !important;}\u00bb][vc_column_text]<\/p>\n<p style=\"text-align: center;\">Meubles de Salles de Bain<br \/>\nMeubles pour la Cuisine<br \/>\nMobilier Domestique<br \/>\nMobilier de Bureau<br \/>\n\u00c9quipement pour de Grands Projets<\/p>\n<p style=\"text-align: center;\">(Des H\u00f4pitaux, des \u00c9coles, des A\u00e9roports, des Hotels, etc.)<\/p>\n<p>[\/vc_column_text][\/vc_column][\/vc_row][vc_row css=\u00bb.vc_custom_1581590361034{margin-top: 50px !important;}\u00bb][vc_column]<div id=\"ultimate-heading-721969f5ea9edcc4a\" class=\"uvc-heading ult-adjust-bottom-margin ultimate-heading-721969f5ea9edcc4a uvc-8453  uvc-heading-default-font-sizes\" data-hspacer=\"line_only\"  data-halign=\"center\" style=\"text-align:center\"><div class=\"uvc-main-heading ult-responsive\"  data-ultimate-target='.uvc-heading.ultimate-heading-721969f5ea9edcc4a h2'  data-responsive-json-new='{\"font-size\":\"\",\"line-height\":\"\"}' ><h2 style=\"--font-weight:theme;\">Et plus encore...<\/h2><\/div><div class=\"uvc-heading-spacer line_only\" style=\"topheight:1px;\"><span class=\"uvc-headings-line\" style=\"border-style:solid;border-bottom-width:1px;border-color:#ff6600;width:autopx;\"><\/span><\/div><\/div>[vc_single_image image=\u00bb617&#8243; img_size=\u00bbfull\u00bb alignment=\u00bbcenter\u00bb css=\u00bb.vc_custom_1558337462290{margin-top: 40px !important;}\u00bb][vc_column_text]<\/p>\n<div style=\"text-align: center;\"><\/div>\n<div style=\"text-align: center;\">N&#8217;h\u00e9sitez pas \u00e0 nous contacter pour plus d&#8217;information concernant d\u00b4autres produits qui pourraient aussi vous int\u00e9resser.<br \/>\nNous offrons un service sur mesure<\/div>\n<p>[\/vc_column_text][\/vc_column][\/vc_row]<\/p>\n<\/div>","protected":false},"excerpt":{"rendered":"<p>[vc_row][vc_column][vc_single_image image=\u00bb607&#8243; img_size=\u00bbfull\u00bb alignment=\u00bbcenter\u00bb css=\u00bb.vc_custom_1558337132688{margin-top: 40px !important;}\u00bb][vc_column_text] Rev\u00eatements C\u00e9ramiques et Carreaux Ciments Tuiles Pierre Natural Portes et F\u00eanetres Peintures Produits d&#8217;Imperm\u00e9aibilisation D&#8217;autres Produits Sp\u00e9ciaux [\/vc_column_text][\/vc_column][\/vc_row][vc_row css=\u00bb.vc_custom_1581590335207{margin-top: 50px !important;}\u00bb][vc_column][vc_single_image image=\u00bb612&#8243; img_size=\u00bbfull\u00bb alignment=\u00bbcenter\u00bb css=\u00bb.vc_custom_1558337279715{margin-top: 40px !important;}\u00bb][vc_column_text] Sanitaires Robinetterie pour la Salle de Bain et la Cuisine Accesoires de Bain Pare-Douches Receveurs de Douche Bagnoires et Hydromassage Spa&hellip;<\/p>\n","protected":false},"author":1,"featured_media":0,"parent":0,"menu_order":0,"comment_status":"closed","ping_status":"closed","template":"","meta":{"footnotes":""},"class_list":["post-704","page","type-page","status-publish","hentry","description-off"],"_links":{"self":[{"href":"https:\/\/ninexport.com\/index.php?rest_route=\/wp\/v2\/pages\/704","targetHints":{"allow":["GET"]}}],"collection":[{"href":"https:\/\/ninexport.com\/index.php?rest_route=\/wp\/v2\/pages"}],"about":[{"href":"https:\/\/ninexport.com\/index.php?rest_route=\/wp\/v2\/types\/page"}],"author":[{"embeddable":true,"href":"https:\/\/ninexport.com\/index.php?rest_route=\/wp\/v2\/users\/1"}],"replies":[{"embeddable":true,"href":"https:\/\/ninexport.com\/index.php?rest_route=%2Fwp%2Fv2%2Fcomments&post=704"}],"version-history":[{"count":4,"href":"https:\/\/ninexport.com\/index.php?rest_route=\/wp\/v2\/pages\/704\/revisions"}],"predecessor-version":[{"id":819,"href":"https:\/\/ninexport.com\/index.php?rest_route=\/wp\/v2\/pages\/704\/revisions\/819"}],"wp:attachment":[{"href":"https:\/\/ninexport.com\/index.php?rest_route=%2Fwp%2Fv2%2Fmedia&parent=704"}],"curies":[{"name":"wp","href":"https:\/\/api.w.org\/{rel}","templated":true}]}}