{"id":695,"date":"2019-05-22T07:34:36","date_gmt":"2019-05-22T07:34:36","guid":{"rendered":"https:\/\/enconstruccion.ninexport.com\/?page_id=695"},"modified":"2020-02-13T10:35:08","modified_gmt":"2020-02-13T10:35:08","slug":"services-fr","status":"publish","type":"page","link":"https:\/\/ninexport.com\/?page_id=695&lang=fr","title":{"rendered":"Services FR"},"content":{"rendered":"<div class=\"wpb-content-wrapper\"><p>[vc_row css=\u00bb.vc_custom_1581589949034{margin-top: 10px !important;margin-bottom: 50px !important;}\u00bb][vc_column]<div id=\"ultimate-heading-7686a098540e3a53\" class=\"uvc-heading ult-adjust-bottom-margin ultimate-heading-7686a098540e3a53 uvc-6244  uvc-heading-default-font-sizes\" data-hspacer=\"line_only\"  data-halign=\"center\" style=\"text-align:center\"><div class=\"uvc-main-heading ult-responsive\"  data-ultimate-target='.uvc-heading.ultimate-heading-7686a098540e3a53 h2'  data-responsive-json-new='{\"font-size\":\"\",\"line-height\":\"\"}' ><h2 style=\"--font-weight:theme;\">Interm\u00e9diation Commerciale<\/h2><\/div><div class=\"uvc-heading-spacer line_only\" style=\"topheight:1px;\"><span class=\"uvc-headings-line\" style=\"border-style:solid;border-bottom-width:1px;border-color:#ff6600;width:autopx;\"><\/span><\/div><\/div>[vc_column_text css=\u00bb.vc_custom_1558511069736{margin-top: 40px !important;}\u00bb]<\/p>\n<p style=\"text-align: center;\">Plus de 25 ans d&#8217;exp\u00e9rience dans le secteur de l&#8217;Interm\u00e9diation Commerciale Internationale de mani\u00e8re bidirecionnelle nous vous offrons:<\/p>\n<ul>\n<li style=\"text-align: center;\">La recherche de Produits Espagnols pour des Clients \u00c9trangers.<\/li>\n<li style=\"text-align: center;\">La s\u00e9lection de Fournisseurs \u00c9trangers pour des Clients Espagnols.<\/li>\n<\/ul>\n<p>[\/vc_column_text][\/vc_column][\/vc_row][vc_row full_width=\u00bbstretch_row_content_no_spaces\u00bb][vc_column][vc_single_image image=\u00bb600&#8243; img_size=\u00bbfull\u00bb alignment=\u00bbcenter\u00bb][\/vc_column][\/vc_row][vc_row css=\u00bb.vc_custom_1581590083523{margin-top: 50px !important;margin-bottom: 10px !important;}\u00bb][vc_column]<div id=\"ultimate-heading-44446a098540e3adc\" class=\"uvc-heading ult-adjust-bottom-margin ultimate-heading-44446a098540e3adc uvc-4042  uvc-heading-default-font-sizes\" data-hspacer=\"line_only\"  data-halign=\"center\" style=\"text-align:center\"><div class=\"uvc-main-heading ult-responsive\"  data-ultimate-target='.uvc-heading.ultimate-heading-44446a098540e3adc h2'  data-responsive-json-new='{\"font-size\":\"\",\"line-height\":\"\"}' ><h2 style=\"--font-weight:theme;\">Gestion Logistique<\/h2><\/div><div class=\"uvc-heading-spacer line_only\" style=\"topheight:1px;\"><span class=\"uvc-headings-line\" style=\"border-style:solid;border-bottom-width:1px;border-color:#ff6600;width:autopx;\"><\/span><\/div><\/div>[vc_column_text css=\u00bb.vc_custom_1558511108894{margin-top: 40px !important;}\u00bb]<\/p>\n<p style=\"text-align: center;\">Nous nous chargeons de la Logistique et de la Contratation du Transport, ainsi comme de toute la Documentation pour mener \u00e0 terme l&#8217;Importation ou l&#8217;Exportation.<\/p>\n<p style=\"text-align: center;\">Nous informons nos clients \u00e0 tout moment de l&#8217;\u00e9tat de leurs op\u00e9rations et nous vous garantissons une exp\u00e9rience commerciale simple, rapide et efficace.<\/p>\n<p>[\/vc_column_text][\/vc_column][\/vc_row][vc_row full_width=\u00bbstretch_row_content_no_spaces\u00bb][vc_column][vc_single_image image=\u00bb602&#8243; img_size=\u00bbfull\u00bb alignment=\u00bbcenter\u00bb][\/vc_column][\/vc_row][vc_row css=\u00bb.vc_custom_1581590094380{margin-top: 50px !important;margin-bottom: 10px !important;}\u00bb][vc_column]<div id=\"ultimate-heading-64026a098540e3b39\" class=\"uvc-heading ult-adjust-bottom-margin ultimate-heading-64026a098540e3b39 uvc-6818  uvc-heading-default-font-sizes\" data-hspacer=\"line_only\"  data-halign=\"center\" style=\"text-align:center\"><div class=\"uvc-main-heading ult-responsive\"  data-ultimate-target='.uvc-heading.ultimate-heading-64026a098540e3b39 h2'  data-responsive-json-new='{\"font-size\":\"\",\"line-height\":\"\"}' ><h2 style=\"--font-weight:theme;\">Personal Shopper<\/h2><\/div><div class=\"uvc-heading-spacer line_only\" style=\"topheight:1px;\"><span class=\"uvc-headings-line\" style=\"border-style:solid;border-bottom-width:1px;border-color:#ff6600;width:autopx;\"><\/span><\/div><\/div>[vc_column_text css=\u00bb.vc_custom_1558511138899{margin-top: 40px !important;}\u00bb]<\/p>\n<p style=\"text-align: center;\">Visitez un gran choix de Fabricants Espagnoles gr\u00e2ce \u00e0 l\u00b4aide d\u00b4un Conseiller Expert et Professionnel, afin que vous puissiez b\u00e9n\u00e9ficier de la meilleure relation Qualit\u00e9-Prix.<br \/>\nNous vous conseillons sur le choix de vos achats en faisont un suivi complet au cours du processus de s\u00e9lection, n\u00e9gociation et d&#8217;acquisition.<br \/>\nNe perdez pas votre temps en visitant des soci\u00e9t\u00e9s qui n&#8217;ont pas ce dont vous avez besoin.<\/p>\n<p>[\/vc_column_text][\/vc_column][\/vc_row][vc_row full_width=\u00bbstretch_row_content_no_spaces\u00bb][vc_column][vc_single_image image=\u00bb604&#8243; img_size=\u00bbfull\u00bb alignment=\u00bbcenter\u00bb][\/vc_column][\/vc_row]<\/p>\n<\/div>","protected":false},"excerpt":{"rendered":"<p>[vc_row css=\u00bb.vc_custom_1581589949034{margin-top: 10px !important;margin-bottom: 50px !important;}\u00bb][vc_column][vc_column_text css=\u00bb.vc_custom_1558511069736{margin-top: 40px !important;}\u00bb] Plus de 25 ans d&#8217;exp\u00e9rience dans le secteur de l&#8217;Interm\u00e9diation Commerciale Internationale de mani\u00e8re bidirecionnelle nous vous offrons: La recherche de Produits Espagnols pour des Clients \u00c9trangers. La s\u00e9lection de Fournisseurs \u00c9trangers pour des Clients Espagnols. [\/vc_column_text][\/vc_column][\/vc_row][vc_row full_width=\u00bbstretch_row_content_no_spaces\u00bb][vc_column][vc_single_image image=\u00bb600&#8243; img_size=\u00bbfull\u00bb alignment=\u00bbcenter\u00bb][\/vc_column][\/vc_row][vc_row css=\u00bb.vc_custom_1581590083523{margin-top: 50px !important;margin-bottom: 10px !important;}\u00bb][vc_column][vc_column_text&hellip;<\/p>\n","protected":false},"author":1,"featured_media":0,"parent":0,"menu_order":0,"comment_status":"closed","ping_status":"closed","template":"","meta":{"footnotes":""},"class_list":["post-695","page","type-page","status-publish","hentry","description-off"],"_links":{"self":[{"href":"https:\/\/ninexport.com\/index.php?rest_route=\/wp\/v2\/pages\/695","targetHints":{"allow":["GET"]}}],"collection":[{"href":"https:\/\/ninexport.com\/index.php?rest_route=\/wp\/v2\/pages"}],"about":[{"href":"https:\/\/ninexport.com\/index.php?rest_route=\/wp\/v2\/types\/page"}],"author":[{"embeddable":true,"href":"https:\/\/ninexport.com\/index.php?rest_route=\/wp\/v2\/users\/1"}],"replies":[{"embeddable":true,"href":"https:\/\/ninexport.com\/index.php?rest_route=%2Fwp%2Fv2%2Fcomments&post=695"}],"version-history":[{"count":4,"href":"https:\/\/ninexport.com\/index.php?rest_route=\/wp\/v2\/pages\/695\/revisions"}],"predecessor-version":[{"id":817,"href":"https:\/\/ninexport.com\/index.php?rest_route=\/wp\/v2\/pages\/695\/revisions\/817"}],"wp:attachment":[{"href":"https:\/\/ninexport.com\/index.php?rest_route=%2Fwp%2Fv2%2Fmedia&parent=695"}],"curies":[{"name":"wp","href":"https:\/\/api.w.org\/{rel}","templated":true}]}}