{"id":689,"date":"2019-05-22T07:29:27","date_gmt":"2019-05-22T07:29:27","guid":{"rendered":"https:\/\/enconstruccion.ninexport.com\/?page_id=689"},"modified":"2019-05-23T08:19:36","modified_gmt":"2019-05-23T08:19:36","slug":"qui-sommes-nous","status":"publish","type":"page","link":"https:\/\/ninexport.com\/?page_id=689&lang=fr","title":{"rendered":"Qui sommes-nous?"},"content":{"rendered":"<div class=\"wpb-content-wrapper\"><p>[vc_row][vc_column width=\u00bb1\/3&#8243;][vc_column_text]<\/p>\n<p style=\"text-align: justify;\">Ninexport est une soci\u00e9t\u00e9 sp\u00e9cialis\u00e9e dans le secteur de l&#8217;Interm\u00e9diation Commerciale Internationale.<\/p>\n<p style=\"text-align: justify;\">Une \u00e9quipe d&#8217;experts \u00e0 votre service depuis 25 ans dans l&#8217;Importation et l&#8217;Exportation de marchandises entre l&#8217;Espagne et d&#8217;autres Pays.<\/p>\n<p style=\"text-align: justify;\">Chez Ninexport, nous nous soucions de r\u00e9pondre aux besoins de nos clients et nous suivons un rigoureux processus de s\u00e9lection de Fournisseurs et de Produits.<\/p>\n<p style=\"text-align: justify;\">Nous effectuons une interm\u00e9diation int\u00e9grale \u00e0 la recheche de la meilleure Solution Global pour nos Clients.<\/p>\n<p>[\/vc_column_text][\/vc_column][vc_column width=\u00bb2\/3&#8243;]\n<div class=\"slider-simple shortcode-photo-slider owl-carousel dt-owl-carousel-init photoSlider\" data-width=\"1170\" data-height=\"450\" data-autoslide=\"5000\" data-paused=\"false\" style=\"width: 100%\" data-img-mode=\"fill\">\n\t<div class=\"slide-item\">\n\t\t<img loading=\"lazy\" decoding=\"async\" class=\"preload-me aspect\" src=\"https:\/\/ninexport.com\/wp-content\/uploads\/2019\/05\/11ce6639358ce00edd708433c2dcaf59.jpg\" srcset=\"https:\/\/ninexport.com\/wp-content\/uploads\/2019\/05\/11ce6639358ce00edd708433c2dcaf59.jpg 1170w\" style=\"--ratio: 1170 \/ 290\" sizes=\"auto, (max-width: 1170px) 100vw, 1170px\" width=\"1170\" height=\"290\"  alt=\"\"  \/><\/div>\n\t<div class=\"slide-item\">\n\t\t<img loading=\"lazy\" decoding=\"async\" class=\"preload-me aspect\" src=\"https:\/\/ninexport.com\/wp-content\/uploads\/2019\/05\/89a99e84869a68823b2d8f87bc7f2fa3.jpg\" srcset=\"https:\/\/ninexport.com\/wp-content\/uploads\/2019\/05\/89a99e84869a68823b2d8f87bc7f2fa3.jpg 1170w\" style=\"--ratio: 1170 \/ 290\" sizes=\"auto, (max-width: 1170px) 100vw, 1170px\" width=\"1170\" height=\"290\"  alt=\"\"  \/><\/div><\/div>[\/vc_column][\/vc_row]<\/p>\n<\/div>","protected":false},"excerpt":{"rendered":"<p>[vc_row][vc_column width=\u00bb1\/3&#8243;][vc_column_text] Ninexport est une soci\u00e9t\u00e9 sp\u00e9cialis\u00e9e dans le secteur de l&#8217;Interm\u00e9diation Commerciale Internationale. Une \u00e9quipe d&#8217;experts \u00e0 votre service depuis 25 ans dans l&#8217;Importation et l&#8217;Exportation de marchandises entre l&#8217;Espagne et d&#8217;autres Pays. Chez Ninexport, nous nous soucions de r\u00e9pondre aux besoins de nos clients et nous suivons un rigoureux processus de s\u00e9lection de&hellip;<\/p>\n","protected":false},"author":1,"featured_media":0,"parent":0,"menu_order":0,"comment_status":"closed","ping_status":"closed","template":"","meta":{"footnotes":""},"class_list":["post-689","page","type-page","status-publish","hentry","description-off"],"_links":{"self":[{"href":"https:\/\/ninexport.com\/index.php?rest_route=\/wp\/v2\/pages\/689","targetHints":{"allow":["GET"]}}],"collection":[{"href":"https:\/\/ninexport.com\/index.php?rest_route=\/wp\/v2\/pages"}],"about":[{"href":"https:\/\/ninexport.com\/index.php?rest_route=\/wp\/v2\/types\/page"}],"author":[{"embeddable":true,"href":"https:\/\/ninexport.com\/index.php?rest_route=\/wp\/v2\/users\/1"}],"replies":[{"embeddable":true,"href":"https:\/\/ninexport.com\/index.php?rest_route=%2Fwp%2Fv2%2Fcomments&post=689"}],"version-history":[{"count":2,"href":"https:\/\/ninexport.com\/index.php?rest_route=\/wp\/v2\/pages\/689\/revisions"}],"predecessor-version":[{"id":693,"href":"https:\/\/ninexport.com\/index.php?rest_route=\/wp\/v2\/pages\/689\/revisions\/693"}],"wp:attachment":[{"href":"https:\/\/ninexport.com\/index.php?rest_route=%2Fwp%2Fv2%2Fmedia&parent=689"}],"curies":[{"name":"wp","href":"https:\/\/api.w.org\/{rel}","templated":true}]}}