{"id":606,"date":"2019-05-20T07:31:24","date_gmt":"2019-05-20T07:31:24","guid":{"rendered":"https:\/\/enconstruccion.ninexport.com\/?page_id=606"},"modified":"2019-11-25T15:17:33","modified_gmt":"2019-11-25T15:17:33","slug":"productos","status":"publish","type":"page","link":"https:\/\/ninexport.com\/?page_id=606","title":{"rendered":"Productos"},"content":{"rendered":"<div class=\"wpb-content-wrapper\"><p>[vc_row][vc_column]<div id=\"ultimate-heading-393169f5e6b09319b\" class=\"uvc-heading ult-adjust-bottom-margin ultimate-heading-393169f5e6b09319b uvc-4016  uvc-heading-default-font-sizes\" data-hspacer=\"line_only\"  data-halign=\"center\" style=\"text-align:center\"><div class=\"uvc-main-heading ult-responsive\"  data-ultimate-target='.uvc-heading.ultimate-heading-393169f5e6b09319b h2'  data-responsive-json-new='{\"font-size\":\"\",\"line-height\":\"\"}' ><h2 style=\"--font-weight:theme;\">Materiales de Construcci\u00f3n<\/h2><\/div><div class=\"uvc-heading-spacer line_only\" style=\"topheight:1px;\"><span class=\"uvc-headings-line\" style=\"border-style:solid;border-bottom-width:1px;border-color:#ff6600;width:autopx;\"><\/span><\/div><\/div>[vc_single_image image=\u00bb607&#8243; img_size=\u00bbfull\u00bb alignment=\u00bbcenter\u00bb css=\u00bb.vc_custom_1558337132688{margin-top: 40px !important;}\u00bb][vc_column_text]<\/p>\n<p style=\"text-align: center;\"><span style=\"font-size: large;\">Pavimentos y Revestimientos Cer\u00e1micos<\/span><\/p>\n<p style=\"text-align: center;\"><span style=\"font-size: large;\">Cementos<\/span><\/p>\n<p style=\"text-align: center;\"><span style=\"font-size: large;\">Tejas<\/span><\/p>\n<p style=\"text-align: center;\"><span style=\"font-size: large;\">Piedra Natural<\/span><\/p>\n<p style=\"text-align: center;\"><span style=\"font-size: large;\">Puertas y Ventanas<\/span><\/p>\n<p style=\"text-align: center;\"><span style=\"font-size: large;\">Pinturas<\/span><\/p>\n<p style=\"text-align: center;\"><span style=\"font-size: large;\">Impermeabilizantes<\/span><\/p>\n<p style=\"text-align: center;\"><span style=\"font-size: large;\">Otros Productos Especiales<\/span><\/p>\n<p>[\/vc_column_text][\/vc_column][\/vc_row][vc_row css=\u00bb.vc_custom_1574694978037{margin-top: 50px !important;}\u00bb][vc_column]<div id=\"ultimate-heading-767669f5e6b0931ff\" class=\"uvc-heading ult-adjust-bottom-margin ultimate-heading-767669f5e6b0931ff uvc-5297  uvc-heading-default-font-sizes\" data-hspacer=\"line_only\"  data-halign=\"center\" style=\"text-align:center\"><div class=\"uvc-main-heading ult-responsive\"  data-ultimate-target='.uvc-heading.ultimate-heading-767669f5e6b0931ff h2'  data-responsive-json-new='{\"font-size\":\"\",\"line-height\":\"\"}' ><h2 style=\"--font-weight:theme;\">Sanitarios y Grifer\u00eda<\/h2><\/div><div class=\"uvc-heading-spacer line_only\" style=\"topheight:1px;\"><span class=\"uvc-headings-line\" style=\"border-style:solid;border-bottom-width:1px;border-color:#ff6600;width:autopx;\"><\/span><\/div><\/div>[vc_single_image image=\u00bb612&#8243; img_size=\u00bbfull\u00bb alignment=\u00bbcenter\u00bb css=\u00bb.vc_custom_1558337279715{margin-top: 40px !important;}\u00bb][vc_column_text]<\/p>\n<div>\n<p style=\"text-align: center;\"><span style=\"font-size: large;\">Sanitarios<\/span><\/p>\n<\/div>\n<p style=\"text-align: center;\"><span style=\"font-size: large;\">Grifer\u00eda para Ba\u00f1o y Cocina<\/span><\/p>\n<p style=\"text-align: center;\"><span style=\"font-size: large;\">Accesorios de Ba\u00f1o<\/span><\/p>\n<p style=\"text-align: center;\"><span style=\"font-size: large;\">Mamparas<\/span><\/p>\n<p style=\"text-align: center;\"><span style=\"font-size: large;\">Platos de Ducha<\/span><\/p>\n<p style=\"text-align: center;\"><span style=\"font-size: large;\">Ba\u00f1eras e Hidromasaje\u00a0<\/span><\/p>\n<div>\n<p style=\"text-align: center;\"><span style=\"font-size: large;\">Spa<\/span><\/p>\n<\/div>\n<p>[\/vc_column_text][\/vc_column][\/vc_row][vc_row css=\u00bb.vc_custom_1574695012652{margin-top: 50px !important;}\u00bb][vc_column]<div id=\"ultimate-heading-346869f5e6b093241\" class=\"uvc-heading ult-adjust-bottom-margin ultimate-heading-346869f5e6b093241 uvc-1674  uvc-heading-default-font-sizes\" data-hspacer=\"line_only\"  data-halign=\"center\" style=\"text-align:center\"><div class=\"uvc-main-heading ult-responsive\"  data-ultimate-target='.uvc-heading.ultimate-heading-346869f5e6b093241 h2'  data-responsive-json-new='{\"font-size\":\"\",\"line-height\":\"\"}' ><h2 style=\"--font-weight:theme;\">Mobiliario<\/h2><\/div><div class=\"uvc-heading-spacer line_only\" style=\"topheight:1px;\"><span class=\"uvc-headings-line\" style=\"border-style:solid;border-bottom-width:1px;border-color:#ff6600;width:autopx;\"><\/span><\/div><\/div>[vc_single_image image=\u00bb614&#8243; img_size=\u00bbfull\u00bb alignment=\u00bbcenter\u00bb css=\u00bb.vc_custom_1558337350231{margin-top: 40px !important;}\u00bb][vc_column_text]<\/p>\n<p style=\"text-align: center;\" align=\"justify\"><span style=\"font-size: large;\">Muebles de Ba\u00f1o<\/span><\/p>\n<p style=\"text-align: center;\"><span style=\"font-size: large;\">Muebles de Cocina<\/span><\/p>\n<p style=\"text-align: center;\"><span style=\"font-size: large;\">Mobiliario para el Hogar<\/span><\/p>\n<p style=\"text-align: center;\"><span style=\"font-size: large;\">Mobiliario de Oficinas<\/span><\/p>\n<p style=\"text-align: center;\"><span style=\"font-size: large;\">Equipamiento para Grandes Proyectos<\/span><\/p>\n<p style=\"text-align: center;\"><span style=\"font-size: large;\">(Hospitales, Colegios, Aeropuertos, Hoteles, etc.)<\/span><\/p>\n<p>[\/vc_column_text][\/vc_column][\/vc_row][vc_row css=\u00bb.vc_custom_1574695024841{margin-top: 50px !important;}\u00bb][vc_column]<div id=\"ultimate-heading-123269f5e6b09327b\" class=\"uvc-heading ult-adjust-bottom-margin ultimate-heading-123269f5e6b09327b uvc-7608  uvc-heading-default-font-sizes\" data-hspacer=\"line_only\"  data-halign=\"center\" style=\"text-align:center\"><div class=\"uvc-main-heading ult-responsive\"  data-ultimate-target='.uvc-heading.ultimate-heading-123269f5e6b09327b h2'  data-responsive-json-new='{\"font-size\":\"\",\"line-height\":\"\"}' ><h2 style=\"--font-weight:theme;\">Y mucho m\u00e1s...<\/h2><\/div><div class=\"uvc-heading-spacer line_only\" style=\"topheight:1px;\"><span class=\"uvc-headings-line\" style=\"border-style:solid;border-bottom-width:1px;border-color:#ff6600;width:autopx;\"><\/span><\/div><\/div>[vc_single_image image=\u00bb617&#8243; img_size=\u00bbfull\u00bb alignment=\u00bbcenter\u00bb css=\u00bb.vc_custom_1558337462290{margin-top: 40px !important;}\u00bb][vc_column_text]<\/p>\n<div><\/div>\n<div>\n<p align=\"center\">No dude en consultarnos sobre cualquier producto en el que est\u00e9 interesado.<\/p>\n<div>\n<p style=\"text-align: center;\">Ofrecemos servicios a medida.<\/p>\n<\/div>\n<\/div>\n<p>[\/vc_column_text][\/vc_column][\/vc_row]<\/p>\n<\/div>","protected":false},"excerpt":{"rendered":"<p>[vc_row][vc_column][vc_single_image image=\u00bb607&#8243; img_size=\u00bbfull\u00bb alignment=\u00bbcenter\u00bb css=\u00bb.vc_custom_1558337132688{margin-top: 40px !important;}\u00bb][vc_column_text] Pavimentos y Revestimientos Cer\u00e1micos Cementos Tejas Piedra Natural Puertas y Ventanas Pinturas Impermeabilizantes Otros Productos Especiales [\/vc_column_text][\/vc_column][\/vc_row][vc_row css=\u00bb.vc_custom_1574694978037{margin-top: 50px !important;}\u00bb][vc_column][vc_single_image image=\u00bb612&#8243; img_size=\u00bbfull\u00bb alignment=\u00bbcenter\u00bb css=\u00bb.vc_custom_1558337279715{margin-top: 40px !important;}\u00bb][vc_column_text] Sanitarios Grifer\u00eda para Ba\u00f1o y Cocina Accesorios de Ba\u00f1o Mamparas Platos de Ducha Ba\u00f1eras e Hidromasaje\u00a0 Spa [\/vc_column_text][\/vc_column][\/vc_row][vc_row css=\u00bb.vc_custom_1574695012652{margin-top: 50px !important;}\u00bb][vc_column][vc_single_image image=\u00bb614&#8243;&hellip;<\/p>\n","protected":false},"author":1,"featured_media":0,"parent":0,"menu_order":0,"comment_status":"closed","ping_status":"closed","template":"","meta":{"footnotes":""},"class_list":["post-606","page","type-page","status-publish","hentry","description-off"],"_links":{"self":[{"href":"https:\/\/ninexport.com\/index.php?rest_route=\/wp\/v2\/pages\/606","targetHints":{"allow":["GET"]}}],"collection":[{"href":"https:\/\/ninexport.com\/index.php?rest_route=\/wp\/v2\/pages"}],"about":[{"href":"https:\/\/ninexport.com\/index.php?rest_route=\/wp\/v2\/types\/page"}],"author":[{"embeddable":true,"href":"https:\/\/ninexport.com\/index.php?rest_route=\/wp\/v2\/users\/1"}],"replies":[{"embeddable":true,"href":"https:\/\/ninexport.com\/index.php?rest_route=%2Fwp%2Fv2%2Fcomments&post=606"}],"version-history":[{"count":14,"href":"https:\/\/ninexport.com\/index.php?rest_route=\/wp\/v2\/pages\/606\/revisions"}],"predecessor-version":[{"id":798,"href":"https:\/\/ninexport.com\/index.php?rest_route=\/wp\/v2\/pages\/606\/revisions\/798"}],"wp:attachment":[{"href":"https:\/\/ninexport.com\/index.php?rest_route=%2Fwp%2Fv2%2Fmedia&parent=606"}],"curies":[{"name":"wp","href":"https:\/\/api.w.org\/{rel}","templated":true}]}}