{"id":599,"date":"2019-05-20T07:21:44","date_gmt":"2019-05-20T07:21:44","guid":{"rendered":"https:\/\/enconstruccion.ninexport.com\/?page_id=599"},"modified":"2020-02-13T10:30:27","modified_gmt":"2020-02-13T10:30:27","slug":"servicios","status":"publish","type":"page","link":"https:\/\/ninexport.com\/?page_id=599","title":{"rendered":"Servicios"},"content":{"rendered":"<div class=\"wpb-content-wrapper\"><p>[vc_row css=\u00bb.vc_custom_1581589706953{margin-bottom: 10px !important;}\u00bb][vc_column]<div id=\"ultimate-heading-628769fb49a450b12\" class=\"uvc-heading ult-adjust-bottom-margin ultimate-heading-628769fb49a450b12 uvc-8874  uvc-heading-default-font-sizes\" data-hspacer=\"line_only\"  data-halign=\"center\" style=\"text-align:center\"><div class=\"uvc-main-heading ult-responsive\"  data-ultimate-target='.uvc-heading.ultimate-heading-628769fb49a450b12 h2'  data-responsive-json-new='{\"font-size\":\"\",\"line-height\":\"\"}' ><h2 style=\"--font-weight:theme;\">Intermediaci\u00f3n Comercial<\/h2><\/div><div class=\"uvc-heading-spacer line_only\" style=\"topheight:1px;\"><span class=\"uvc-headings-line\" style=\"border-style:solid;border-bottom-width:1px;border-color:#ff6600;width:autopx;\"><\/span><\/div><\/div>[vc_column_text css=\u00bb.vc_custom_1558345768718{margin-top: 40px !important;}\u00bb]<\/p>\n<p style=\"text-align: center;\" align=\"justify\">Despu\u00e9s de m\u00e1s de 25 a\u00f1os de experiencia trabajando en la Intermediaci\u00f3n Comercial Internacional en ambos sentidos, le ofrecemos:<\/p>\n<ul>\n<li style=\"text-align: center;\">La b\u00fasqueda de Productos Espa\u00f1oles para Clientes Extranjeros.<\/li>\n<li style=\"text-align: center;\">La selecci\u00f3n de Proveedores Extranjeros para Clientes Espa\u00f1oles.<\/li>\n<\/ul>\n<p>[\/vc_column_text][\/vc_column][\/vc_row][vc_row full_width=\u00bbstretch_row_content_no_spaces\u00bb][vc_column][vc_single_image image=\u00bb600&#8243; img_size=\u00bbfull\u00bb alignment=\u00bbcenter\u00bb][\/vc_column][\/vc_row][vc_row css=\u00bb.vc_custom_1581589743252{margin-top: 50px !important;margin-bottom: 10px !important;}\u00bb][vc_column]<div id=\"ultimate-heading-821769fb49a450b79\" class=\"uvc-heading ult-adjust-bottom-margin ultimate-heading-821769fb49a450b79 uvc-4929  uvc-heading-default-font-sizes\" data-hspacer=\"line_only\"  data-halign=\"center\" style=\"text-align:center\"><div class=\"uvc-main-heading ult-responsive\"  data-ultimate-target='.uvc-heading.ultimate-heading-821769fb49a450b79 h2'  data-responsive-json-new='{\"font-size\":\"\",\"line-height\":\"\"}' ><h2 style=\"--font-weight:theme;\">Gesti\u00f3n Log\u00edstica<\/h2><\/div><div class=\"uvc-heading-spacer line_only\" style=\"topheight:1px;\"><span class=\"uvc-headings-line\" style=\"border-style:solid;border-bottom-width:1px;border-color:#ff6600;width:autopx;\"><\/span><\/div><\/div>[vc_column_text css=\u00bb.vc_custom_1558345780010{margin-top: 40px !important;}\u00bb]<\/p>\n<p style=\"text-align: center;\" align=\"justify\">Gestionamos la Log\u00edstica y la Contrataci\u00f3n del Transporte, as\u00ed como toda la Documentaci\u00f3n necesaria para poder realizar la Importaci\u00f3n o Exportaci\u00f3n.<\/p>\n<p style=\"text-align: center;\" align=\"justify\">Mantenemos a nuestros clientes informados en todo momento del estado de sus operaciones y garantizamos una experiencia sencilla, r\u00e1pida y eficaz.<\/p>\n<p>[\/vc_column_text][\/vc_column][\/vc_row][vc_row full_width=\u00bbstretch_row_content_no_spaces\u00bb][vc_column][vc_single_image image=\u00bb602&#8243; img_size=\u00bbfull\u00bb alignment=\u00bbcenter\u00bb][\/vc_column][\/vc_row][vc_row css=\u00bb.vc_custom_1581589751206{margin-top: 50px !important;margin-bottom: 10px !important;}\u00bb][vc_column]<div id=\"ultimate-heading-414469fb49a450bbb\" class=\"uvc-heading ult-adjust-bottom-margin ultimate-heading-414469fb49a450bbb uvc-4797  uvc-heading-default-font-sizes\" data-hspacer=\"line_only\"  data-halign=\"center\" style=\"text-align:center\"><div class=\"uvc-main-heading ult-responsive\"  data-ultimate-target='.uvc-heading.ultimate-heading-414469fb49a450bbb h2'  data-responsive-json-new='{\"font-size\":\"\",\"line-height\":\"\"}' ><h2 style=\"--font-weight:theme;\">Personal Shopper<\/h2><\/div><div class=\"uvc-heading-spacer line_only\" style=\"topheight:1px;\"><span class=\"uvc-headings-line\" style=\"border-style:solid;border-bottom-width:1px;border-color:#ff6600;width:autopx;\"><\/span><\/div><\/div>[vc_column_text css=\u00bb.vc_custom_1558345787870{margin-top: 40px !important;}\u00bb]<\/p>\n<p style=\"text-align: center;\" align=\"justify\">Visite una amplia gama de Empresas Espa\u00f1olas acompa\u00f1ado por un Asesor Experto y Profesional con el objetivo de conseguir la mejor relaci\u00f3n Calidad-Precio.<\/p>\n<p style=\"text-align: center;\" align=\"justify\">Le asesoraremos en sus compras realizando un completo seguimiento durante los procesos de selecci\u00f3n, negociaci\u00f3n y adquisici\u00f3n.<\/p>\n<p style=\"text-align: center;\" align=\"justify\">No malgaste su tiempo visitando empresas que no tienen lo que necesita.<\/p>\n<p>[\/vc_column_text][\/vc_column][\/vc_row][vc_row full_width=\u00bbstretch_row_content_no_spaces\u00bb][vc_column][vc_single_image image=\u00bb604&#8243; img_size=\u00bbfull\u00bb alignment=\u00bbcenter\u00bb][\/vc_column][\/vc_row]<\/p>\n<\/div>","protected":false},"excerpt":{"rendered":"<p>[vc_row css=\u00bb.vc_custom_1581589706953{margin-bottom: 10px !important;}\u00bb][vc_column][vc_column_text css=\u00bb.vc_custom_1558345768718{margin-top: 40px !important;}\u00bb] Despu\u00e9s de m\u00e1s de 25 a\u00f1os de experiencia trabajando en la Intermediaci\u00f3n Comercial Internacional en ambos sentidos, le ofrecemos: La b\u00fasqueda de Productos Espa\u00f1oles para Clientes Extranjeros. La selecci\u00f3n de Proveedores Extranjeros para Clientes Espa\u00f1oles. [\/vc_column_text][\/vc_column][\/vc_row][vc_row full_width=\u00bbstretch_row_content_no_spaces\u00bb][vc_column][vc_single_image image=\u00bb600&#8243; img_size=\u00bbfull\u00bb alignment=\u00bbcenter\u00bb][\/vc_column][\/vc_row][vc_row css=\u00bb.vc_custom_1581589743252{margin-top: 50px !important;margin-bottom: 10px !important;}\u00bb][vc_column][vc_column_text css=\u00bb.vc_custom_1558345780010{margin-top: 40px !important;}\u00bb]&hellip;<\/p>\n","protected":false},"author":1,"featured_media":0,"parent":0,"menu_order":0,"comment_status":"closed","ping_status":"closed","template":"","meta":{"footnotes":""},"class_list":["post-599","page","type-page","status-publish","hentry","description-off"],"_links":{"self":[{"href":"https:\/\/ninexport.com\/index.php?rest_route=\/wp\/v2\/pages\/599","targetHints":{"allow":["GET"]}}],"collection":[{"href":"https:\/\/ninexport.com\/index.php?rest_route=\/wp\/v2\/pages"}],"about":[{"href":"https:\/\/ninexport.com\/index.php?rest_route=\/wp\/v2\/types\/page"}],"author":[{"embeddable":true,"href":"https:\/\/ninexport.com\/index.php?rest_route=\/wp\/v2\/users\/1"}],"replies":[{"embeddable":true,"href":"https:\/\/ninexport.com\/index.php?rest_route=%2Fwp%2Fv2%2Fcomments&post=599"}],"version-history":[{"count":10,"href":"https:\/\/ninexport.com\/index.php?rest_route=\/wp\/v2\/pages\/599\/revisions"}],"predecessor-version":[{"id":663,"href":"https:\/\/ninexport.com\/index.php?rest_route=\/wp\/v2\/pages\/599\/revisions\/663"}],"wp:attachment":[{"href":"https:\/\/ninexport.com\/index.php?rest_route=%2Fwp%2Fv2%2Fmedia&parent=599"}],"curies":[{"name":"wp","href":"https:\/\/api.w.org\/{rel}","templated":true}]}}